{"id":1376,"date":"2025-12-15T14:19:50","date_gmt":"2025-12-15T14:19:50","guid":{"rendered":"https:\/\/animactiva.pt\/terminos-y-condiciones\/"},"modified":"2025-12-30T02:18:02","modified_gmt":"2025-12-30T02:18:02","slug":"terminos-y-condiciones","status":"publish","type":"page","link":"https:\/\/animactiva.pt\/es\/terminos-y-condiciones\/","title":{"rendered":"T\u00e9rminos y condiciones"},"content":{"rendered":"<p>[et_pb_section fb_built=\u00bb1&#8243; admin_label=\u00bbsection\u00bb _builder_version=\u00bb4.27.5&#8243; custom_padding=\u00bb||||false|false\u00bb da_disable_devices=\u00bboff|off|off\u00bb global_colors_info=\u00bb{}\u00bb theme_builder_area=\u00bbpost_content\u00bb da_is_popup=\u00bboff\u00bb da_exit_intent=\u00bboff\u00bb da_has_close=\u00bbon\u00bb da_alt_close=\u00bboff\u00bb da_dark_close=\u00bboff\u00bb da_not_modal=\u00bbon\u00bb da_is_singular=\u00bboff\u00bb da_with_loader=\u00bboff\u00bb da_has_shadow=\u00bbon\u00bb][et_pb_row admin_label=\u00bbfila\u00bb _builder_version=\u00bb4.27.5&#8243; background_size=\u00bbinitial\u00bb background_position=\u00bbtop_left\u00bb background_repeat=\u00bbrepeat\u00bb custom_margin=\u00bb||||false|false\u00bb custom_padding=\u00bb||||false|false\u00bb global_colors_info=\u00bb{}\u00bb theme_builder_area=\u00bbpost_content\u00bb][et_pb_column type=\u00bb4_4&#8243; _builder_version=\u00bb4.27.5&#8243; custom_padding=\u00bb||||false|false\u00bb global_colors_info=\u00bb{}\u00bb custom_padding__hover=\u00bb|||\u00bb theme_builder_area=\u00bbpost_content\u00bb][et_pb_text _builder_version=\u00bb4.27.5&#8243; _module_preset=\u00bbdefault\u00bb text_font=\u00bbArial|600|||||||\u00bb text_text_color=\u00bb#2b2b2b\u00bb text_font_size=\u00bb26px\u00bb text_line_height=\u00bb1.3em\u00bb custom_margin=\u00bb0px||10px||false|false\u00bb custom_padding=\u00bb0px||0px||false|false\u00bb hover_enabled=\u00bb0&#8243; global_colors_info=\u00bb{}\u00bb theme_builder_area=\u00bbpost_content\u00bb sticky_enabled=\u00bb0&#8243;]<\/p>\n<p>T\u00e9rminos y condiciones KidsPark<\/p>\n<p>[\/et_pb_text][et_pb_text _builder_version=\u00bb4.27.5&#8243; _module_preset=\u00bbdefault\u00bb text_font=\u00bbArial||||||||\u00bb text_text_color=\u00bb#383838&#8243; text_line_height=\u00bb1.4em\u00bb hover_enabled=\u00bb0&#8243; global_colors_info=\u00bb{}\u00bb theme_builder_area=\u00bbpost_content\u00bb sticky_enabled=\u00bb0&#8243;]<\/p>\n<p><strong>1. Condiciones generales<\/strong><br \/>Todos los equipos y actividades tienen un fuerte componente l\u00fadico, did\u00e1ctico y de psicomotricidad.<br \/>Los modelos que aparecen en las fotograf\u00edas del sitio web y en la publicidad podr\u00edan no corresponderse con las mismas personas o estructuras que desempe\u00f1ar\u00e1n los servicios contratados.<br \/>No nos responsabilizamos de posibles accidentes o incidentes que puedan ocurrir por el incumplimiento de las normas o indicaciones de nuestros monitores.<br \/>Siempre que informamos de la disponibilidad de la agenda, corresponde al cliente interesado efectuar el pago de la tasa de reserva para poder garantizar la fecha y el horario deseados para la fiesta.<br \/>Para su comodidad, disponemos de estacionamiento privado y gratuito.<\/p>\n<p>[\/et_pb_text][et_pb_text _builder_version=\u00bb4.27.5&#8243; _module_preset=\u00bbdefault\u00bb text_font=\u00bbArial||||||||\u00bb text_text_color=\u00bb#383838&#8243; text_line_height=\u00bb1.4em\u00bb hover_enabled=\u00bb0&#8243; global_colors_info=\u00bb{}\u00bb theme_builder_area=\u00bbpost_content\u00bb sticky_enabled=\u00bb0&#8243;]<\/p>\n<p><strong>2. Fiestas en Animactiva KidsPark<\/strong><br \/>Todos los materiales puestos a disposici\u00f3n en Animactiva KidsPark deben ser tratados con el debido respeto y cuidado. La reposici\u00f3n o reparaci\u00f3n de cualquier material da\u00f1ado ser\u00e1 totalmente responsabilidad del cliente.<br \/>Por motivos de seguridad, est\u00e1 prohibida la entrada de balones u otro tipo de juguetes y\/o personas en el recinto dedicado a la animaci\u00f3n, excepto con la debida autorizaci\u00f3n de nuestros monitores.<br \/>La merienda se sirve en los \u00faltimos 30 minutos de la fiesta. En caso de que sea inconveniente, los padres del cumplea\u00f1ero podr\u00e1n elegir la hora m\u00e1s adecuada para la misma, de acuerdo con la disponibilidad del espacio. Animactiva KidsPark se reserva el derecho de alterar el horario de la merienda, de acuerdo con sus necesidades.<br \/>La merienda y la tarta de cumplea\u00f1os no est\u00e1n incluidos en los packs base (excepto la merienda \u201cMen\u00fa 1\u201d en la Fiesta \u201cMonti\u201d). Son extras que pueden reservarse anticipadamente o, si lo prefieren, los padres podr\u00e1n optar por traerlos de casa. Aunque contraten alguno de nuestros men\u00fas, los padres podr\u00e1n traer comida para complementarlos; no obstante, deber\u00e1n firmar un t\u00e9rmino de responsabilidad por la comida que traen al espacio.     <br \/>Animactiva KidsPark se encarga de que los ni\u00f1os, al salir de la fiesta, vayan acompa\u00f1ados de un adulto.<br \/>Es necesario que los padres informen acerca del n\u00famero estimado de ni\u00f1os y su respectiva franja de edad, hasta dos d\u00edas antes de la realizaci\u00f3n de la fiesta, para que podamos colocar el n\u00ba de monitores suficientes y que nos garantice la m\u00e1xima seguridad.<br \/>A todos los efectos, se considerar\u00e1 como presentes el n\u00famero de ni\u00f1os confirmado con 24 horas de antelaci\u00f3n.<br \/>La admisi\u00f3n de cualquier ni\u00f1o implica la asunci\u00f3n de la responsabilidad de los da\u00f1os provocados por el mismo, ya sea en las instalaciones o a terceros.<br \/>Por motivos de seguridad para todos los ni\u00f1os que est\u00e1n en las instalaciones, no se permitir\u00e1 a los adultos tomar fotograf\u00edas dentro del espacio sin el consentimiento previo de alg\u00fan responsable de Animactiva KidsPark. El servicio de fotograf\u00eda puede ser realizado por los propios monitores de Animactiva KidsPark, con la contrataci\u00f3n del servicio extra de fotograf\u00eda. Todas las fotograf\u00edas tomadas por nuestros monitores ser\u00e1n exclusivamente de los ni\u00f1os de la fiesta referida y se dar\u00e1n solo a los padres, los cuales asumen su archivo y quedan imposibilitados de divulgarlas en cualquier medio, excepto con las debidas autorizaciones de los padres del\/de los ni\u00f1o\/s.  <\/p>\n<p>[\/et_pb_text][et_pb_text _builder_version=\u00bb4.27.5&#8243; _module_preset=\u00bbdefault\u00bb text_font=\u00bbArial||||||||\u00bb text_text_color=\u00bb#383838&#8243; text_line_height=\u00bb1.4em\u00bb hover_enabled=\u00bb0&#8243; global_colors_info=\u00bb{}\u00bb theme_builder_area=\u00bbpost_content\u00bb sticky_enabled=\u00bb0&#8243;]<\/p>\n<p><strong>3. Pagos<\/strong><br \/>La reserva del evento solo se considera efectiva al realizar el pago de la Tasa de Reserva = 50 \u20ac.<br \/>El d\u00eda del evento, el pago restante deber\u00e1 realizarse obligatoriamente durante el horario de la fiesta.<br \/>No se aceptar\u00e1n cheques y no disponemos de pago con tarjeta.<\/p>\n<p>[\/et_pb_text][et_pb_text _builder_version=\u00bb4.27.5&#8243; _module_preset=\u00bbdefault\u00bb text_font=\u00bbArial||||||||\u00bb text_text_color=\u00bb#383838&#8243; text_line_height=\u00bb1.4em\u00bb hover_enabled=\u00bb0&#8243; global_colors_info=\u00bb{}\u00bb theme_builder_area=\u00bbpost_content\u00bb sticky_enabled=\u00bb0&#8243;]<\/p>\n<p> <strong>4. Cancelaciones y modificaciones<\/strong><br \/>Las cancelaciones y modificaciones de actividades del evento deben transmitirse v\u00eda correo electr\u00f3nico (geral@animactiva.pt) o por tel\u00e9fono (967896755 \/ 967896754) en un plazo m\u00e1ximo de 15 d\u00edas de antelaci\u00f3n. Si cancelan el evento con menos de 15 d\u00edas de antelaci\u00f3n o no comparecen en la fecha u horario de la fiesta, Animactiva KidsPark se reserva el derecho a no devolver el valor de la tasa de reserva, ya que estamos rechazando otras fiestas que podr\u00edan ocurrir en el mismo d\u00eda y en el mismo horario.<br \/>Nota: En circunstancias extraordinarias, como el caso de que el cumplea\u00f1ero pueda enfermar hasta 3 d\u00edas antes de la fecha de la fiesta, procuraremos realizar la misma en un horario y en una fecha lo m\u00e1s pr\u00f3ximo posible a la fecha inicial. Esta decisi\u00f3n siempre depender\u00e1 de la disponibilidad en la agenda del Kidspark.  <\/p>\n<p>[\/et_pb_text][et_pb_text _builder_version=\u00bb4.27.5&#8243; _module_preset=\u00bbdefault\u00bb text_font=\u00bbArial||||||||\u00bb text_text_color=\u00bb#383838&#8243; text_line_height=\u00bb1.4em\u00bb hover_enabled=\u00bb0&#8243; global_colors_info=\u00bb{}\u00bb theme_builder_area=\u00bbpost_content\u00bb sticky_enabled=\u00bb0&#8243;]<\/p>\n<p><strong>5. Varios<\/strong><br \/>Al contratar cualquier servicio de Animactiva KidsPark, el cliente tiene conocimiento y est\u00e1 de acuerdo con cada una de las condiciones aqu\u00ed presentadas.<br \/>No est\u00e1 permitido copiar o utilizar im\u00e1genes de nuestra p\u00e1gina y est\u00e1 penada por ley la utilizaci\u00f3n no autorizada de estas.<br \/>Modificaciones a nuestra Pol\u00edtica de \u201cT\u00e9rminos y condiciones\u201d: Si modificamos nuestra Pol\u00edtica de \u201cT\u00e9rminos y condiciones\u201d, publicaremos una nueva versi\u00f3n en nuestro sitio web (www.animactiva,pt) y la fijaremos en las instalaciones del parque, de forma visible.<br \/>La nueva pol\u00edtica ser\u00e1 aplicable a todos los clientes de nuestros servicios y entrar\u00e1 en vigor a partir del momento de su publicaci\u00f3n y\/o fijaci\u00f3n.<\/p>\n<p>[\/et_pb_text][\/et_pb_column][\/et_pb_row][\/et_pb_section]<\/p>\n","protected":false},"excerpt":{"rendered":"<p>T\u00e9rminos y condiciones KidsPark1. Condiciones generalesTodos los equipos y actividades tienen un fuerte componente l\u00fadico, did\u00e1ctico y de psicomotricidad.Los modelos que aparecen en las fotograf\u00edas del sitio web y en la publicidad podr\u00edan no corresponderse con las mismas personas o estructuras que desempe\u00f1ar\u00e1n los servicios contratados.No nos responsabilizamos de posibles accidentes o incidentes que puedan [&hellip;]<\/p>\n","protected":false},"author":1,"featured_media":0,"parent":0,"menu_order":0,"comment_status":"closed","ping_status":"closed","template":"","meta":{"_et_pb_use_builder":"on","_et_pb_old_content":"","_et_gb_content_width":"","footnotes":""},"class_list":["post-1376","page","type-page","status-publish","hentry"],"_hostinger_reach_plugin_has_subscription_block":false,"_hostinger_reach_plugin_is_elementor":false,"_links":{"self":[{"href":"https:\/\/animactiva.pt\/es\/wp-json\/wp\/v2\/pages\/1376","targetHints":{"allow":["GET"]}}],"collection":[{"href":"https:\/\/animactiva.pt\/es\/wp-json\/wp\/v2\/pages"}],"about":[{"href":"https:\/\/animactiva.pt\/es\/wp-json\/wp\/v2\/types\/page"}],"author":[{"embeddable":true,"href":"https:\/\/animactiva.pt\/es\/wp-json\/wp\/v2\/users\/1"}],"replies":[{"embeddable":true,"href":"https:\/\/animactiva.pt\/es\/wp-json\/wp\/v2\/comments?post=1376"}],"version-history":[{"count":2,"href":"https:\/\/animactiva.pt\/es\/wp-json\/wp\/v2\/pages\/1376\/revisions"}],"predecessor-version":[{"id":1378,"href":"https:\/\/animactiva.pt\/es\/wp-json\/wp\/v2\/pages\/1376\/revisions\/1378"}],"wp:attachment":[{"href":"https:\/\/animactiva.pt\/es\/wp-json\/wp\/v2\/media?parent=1376"}],"curies":[{"name":"wp","href":"https:\/\/api.w.org\/{rel}","templated":true}]}}